{"id":1001,"date":"2026-02-11T19:45:26","date_gmt":"2026-02-11T18:45:26","guid":{"rendered":"https:\/\/ilaaura-bien-etre.com\/?page_id=1001"},"modified":"2026-02-15T18:59:41","modified_gmt":"2026-02-15T17:59:41","slug":"carte-cadeaux","status":"publish","type":"page","link":"https:\/\/ilaaura-bien-etre.com\/index.php\/carte-cadeaux\/","title":{"rendered":"Carte cadeaux"},"content":{"rendered":"\n<div class=\"wp-block-cover alignfull\" style=\"min-height:50vh;aspect-ratio:unset;\"><img alt=\"\" loading=\"lazy\" decoding=\"async\" width=\"1536\" height=\"1024\" class=\"wp-block-cover__image-background wp-image-1035 size-full\" alt=\"\" src=\"https:\/\/ilaaura-bien-etre.com\/wp-content\/uploads\/2026\/02\/carte_cadeau.webp\" style=\"object-position:56% 78%\" data-object-fit=\"cover\" data-object-position=\"56% 78%\" srcset=\"https:\/\/ilaaura-bien-etre.com\/wp-content\/uploads\/2026\/02\/carte_cadeau.webp 1536w, https:\/\/ilaaura-bien-etre.com\/wp-content\/uploads\/2026\/02\/carte_cadeau-300x200.webp 300w, https:\/\/ilaaura-bien-etre.com\/wp-content\/uploads\/2026\/02\/carte_cadeau-1024x683.webp 1024w, https:\/\/ilaaura-bien-etre.com\/wp-content\/uploads\/2026\/02\/carte_cadeau-768x512.webp 768w\" sizes=\"auto, (max-width: 1536px) 100vw, 1536px\" \/><span aria-hidden=\"true\" class=\"wp-block-cover__background has-ast-global-color-8-background-color has-background-dim-60 has-background-dim\"><\/span><div class=\"wp-block-cover__inner-container is-layout-constrained wp-block-cover-is-layout-constrained\">\n<h2 class=\"wp-block-heading has-text-color has-link-color wp-elements-45448bb4aa882d6dbbb82d6bda805623\" style=\"color:#c7dad4\"><strong>Carte Cadeaux d&#8217;<strong>ILA\u2019 AURA<\/strong><\/strong><\/h2>\n\n\n\n<p class=\"has-text-align-left has-ast-global-color-5-color has-text-color has-link-color wp-elements-23f69d343ef9773fa90d29906225c39e\">Offrez une parenth\u00e8se de bien-\u00eatre<\/p>\n\n\n\n<p><\/p>\n<\/div><\/div>\n\n\n\n<div class=\"wp-block-columns alignfull is-layout-flex wp-container-core-columns-is-layout-28f84493 wp-block-columns-is-layout-flex\">\n<div class=\"wp-block-column is-layout-constrained wp-block-column-is-layout-constrained\">\n<h2 class=\"wp-block-heading has-text-align-center title-carte-cadeau has-ast-global-color-0-color has-text-color has-link-color wp-elements-3251ba4b431306912cd330eab22c7f51\" style=\"font-size:24px\"><strong>Pourquoi offrir une carte cadeau ?<\/strong><\/h2>\n\n\n\n<div class=\"wp-block-columns is-layout-flex wp-container-core-columns-is-layout-28f84493 wp-block-columns-is-layout-flex\">\n<div class=\"wp-block-column is-layout-flow wp-block-column-is-layout-flow\">\n<figure class=\"wp-block-image aligncenter size-full is-resized has-custom-border is-style-rounded\"><img alt=\"\" loading=\"lazy\" decoding=\"async\" width=\"1024\" height=\"1024\" src=\"https:\/\/ilaaura-bien-etre.com\/wp-content\/uploads\/2026\/02\/detente.webp\" alt=\"\" class=\"wp-image-1046\" style=\"border-top-left-radius:100px;border-top-right-radius:100px;border-bottom-left-radius:100px;border-bottom-right-radius:100px;object-fit:cover;width:150px;height:150px\" srcset=\"https:\/\/ilaaura-bien-etre.com\/wp-content\/uploads\/2026\/02\/detente.webp 1024w, https:\/\/ilaaura-bien-etre.com\/wp-content\/uploads\/2026\/02\/detente-300x300.webp 300w, https:\/\/ilaaura-bien-etre.com\/wp-content\/uploads\/2026\/02\/detente-150x150.webp 150w, https:\/\/ilaaura-bien-etre.com\/wp-content\/uploads\/2026\/02\/detente-768x768.webp 768w\" sizes=\"auto, (max-width: 1024px) 100vw, 1024px\" \/><\/figure>\n\n\n\n<p class=\"has-text-align-center has-ast-global-color-8-color has-text-color has-link-color wp-elements-f994e3bcc690c8984137c58af93e95d2\" style=\"font-style:italic;font-weight:500\">Moment de d\u00e9tente<\/p>\n<\/div>\n\n\n\n<div class=\"wp-block-column carte-cadeau is-layout-flow wp-block-column-is-layout-flow\" style=\"border-right-width:1px;border-left-width:1px\">\n<figure class=\"wp-block-image aligncenter size-full is-resized has-custom-border is-style-rounded\"><img alt=\"\" loading=\"lazy\" decoding=\"async\" width=\"1024\" height=\"1024\" src=\"http:\/\/ilaaura-bien-etre.com\/wp-content\/uploads\/2026\/02\/cadeau.webp\" alt=\"\" class=\"wp-image-1043\" style=\"border-top-left-radius:100px;border-top-right-radius:100px;border-bottom-left-radius:100px;border-bottom-right-radius:100px;object-fit:cover;width:150px;height:150px\" srcset=\"https:\/\/ilaaura-bien-etre.com\/wp-content\/uploads\/2026\/02\/cadeau.webp 1024w, https:\/\/ilaaura-bien-etre.com\/wp-content\/uploads\/2026\/02\/cadeau-300x300.webp 300w, https:\/\/ilaaura-bien-etre.com\/wp-content\/uploads\/2026\/02\/cadeau-150x150.webp 150w, https:\/\/ilaaura-bien-etre.com\/wp-content\/uploads\/2026\/02\/cadeau-768x768.webp 768w\" sizes=\"auto, (max-width: 1024px) 100vw, 1024px\" \/><\/figure>\n\n\n\n<p class=\"has-text-align-center has-ast-global-color-8-color has-text-color has-link-color wp-elements-2d78b37ddd084243b5be6de619e92138\" style=\"font-style:italic;font-weight:500\">Cadeau personnalis\u00e9<\/p>\n<\/div>\n\n\n\n<div class=\"wp-block-column is-layout-flow wp-block-column-is-layout-flow\">\n<figure class=\"wp-block-image aligncenter size-large is-resized has-custom-border is-style-rounded\"><img alt=\"\" loading=\"lazy\" decoding=\"async\" width=\"1024\" height=\"512\" src=\"http:\/\/ilaaura-bien-etre.com\/wp-content\/uploads\/2025\/05\/Massage-signature-1024x512.webp\" alt=\"\" class=\"wp-image-475\" style=\"border-top-left-radius:100px;border-top-right-radius:100px;border-bottom-left-radius:100px;border-bottom-right-radius:100px;object-fit:cover;width:150px;height:150px\" srcset=\"https:\/\/ilaaura-bien-etre.com\/wp-content\/uploads\/2025\/05\/Massage-signature-1024x512.webp 1024w, https:\/\/ilaaura-bien-etre.com\/wp-content\/uploads\/2025\/05\/Massage-signature-300x150.webp 300w, https:\/\/ilaaura-bien-etre.com\/wp-content\/uploads\/2025\/05\/Massage-signature-768x384.webp 768w, https:\/\/ilaaura-bien-etre.com\/wp-content\/uploads\/2025\/05\/Massage-signature-1536x768.webp 1536w, https:\/\/ilaaura-bien-etre.com\/wp-content\/uploads\/2025\/05\/Massage-signature-2048x1024.webp 2048w\" sizes=\"auto, (max-width: 1024px) 100vw, 1024px\" \/><\/figure>\n\n\n\n<p class=\"has-text-align-center has-ast-global-color-8-color has-text-color has-link-color wp-elements-95ae90126b040228e46e776e074178de\" style=\"font-style:italic;font-weight:500\">Choix libre<\/p>\n<\/div>\n<\/div>\n<\/div>\n<\/div>\n\n\n\n<div class=\"wp-block-columns alignfull is-layout-flex wp-container-core-columns-is-layout-28f84493 wp-block-columns-is-layout-flex\">\n<div class=\"wp-block-column has-ast-global-color-6-background-color has-background is-layout-constrained wp-block-column-is-layout-constrained\" style=\"border-top-left-radius:15px;border-top-right-radius:15px;border-bottom-left-radius:15px;border-bottom-right-radius:15px\">\n<div style=\"height:10px\" aria-hidden=\"true\" class=\"wp-block-spacer\"><\/div>\n\n\n\n<h2 class=\"wp-block-heading has-text-align-center has-ast-global-color-0-color has-text-color has-link-color wp-elements-b0802919357379b2f98d7886aa48a1c9\" style=\"font-size:24px\"><strong>Comment \u00e7a marche ?<\/strong><\/h2>\n\n\n\n<p class=\"has-text-align-center has-ast-global-color-8-color has-text-color has-link-color wp-elements-fcfdc2bd284c6ad91809936269d34186\">Valables <strong>1 an<\/strong><\/p>\n\n\n\n<p class=\"has-text-align-center has-ast-global-color-8-color has-text-color has-link-color wp-elements-5622337e4c4e4c154093e3d0d11c5b1a\">En <strong>montant libre<\/strong><\/p>\n\n\n\n<p class=\"has-text-align-center has-ast-global-color-8-color has-text-color has-link-color wp-elements-b569a5e3ce792d4ca1c498f577b2ce6e\">Utilisable pour un <strong>massage ou un forfait au choix<\/strong><\/p>\n\n\n\n<p class=\"has-text-align-center has-ast-global-color-8-color has-text-color has-link-color wp-elements-690f9e0efc5b516a2d21a63ef6af6f87\">\ud83d\udc49 Id\u00e9al pour un anniversaire, une attention d\u00e9licate ou simplement pour faire plaisir<\/p>\n\n\n\n<p class=\"has-text-align-center has-ast-global-color-8-color has-text-color has-link-color wp-elements-962f39f92dab69f17f6ff692c116a51e\"><\/p>\n<\/div>\n\n\n\n<div class=\"wp-block-column has-ast-global-color-6-background-color has-background is-layout-constrained wp-block-column-is-layout-constrained\" style=\"border-top-left-radius:15px;border-top-right-radius:15px;border-bottom-left-radius:15px;border-bottom-right-radius:15px\">\n<div style=\"height:10px\" aria-hidden=\"true\" class=\"wp-block-spacer\"><\/div>\n\n\n\n<h2 class=\"wp-block-heading has-text-align-center has-ast-global-color-0-color has-text-color has-link-color wp-elements-90d05d88a209aa8ea916ee3aaa57a65e\" style=\"font-size:24px\"><strong>Commander une carte Cadeau<\/strong><\/h2>\n\n\n\n<p class=\"has-text-align-center has-ast-global-color-8-color has-text-color has-link-color wp-elements-7e7e78cd58254eaa6660255b43bfde1f\">\ud83d\udcde <strong>Par t\u00e9l\u00e9phone :<\/strong> 06.59.24.56.61<\/p>\n\n\n\n<p class=\"has-text-align-center has-ast-global-color-8-color has-text-color has-link-color wp-elements-88fad9df716a85265bb5d5d701ce2caa\">\ud83d\udce7 <strong>Par email :<\/strong> <a>ilaaura.massagesbienetre@gmail.com<\/a><\/p>\n\n\n\n<p class=\"has-text-align-center has-ast-global-color-8-color has-text-color has-link-color wp-elements-f6d1b7714a65bc086e37548de2ebfabb\">Ou directement \u00e0 l\u2019institut sur rendez-vous<\/p>\n\n\n\n<p class=\"has-text-align-center has-ast-global-color-8-color has-text-color has-link-color wp-elements-12744054473a549bdc35936f85eae58e\">Je vous r\u00e9ponds rapidement afin de pr\u00e9parer votre carte cadeau avec soin<\/p>\n\n\n\n<p class=\"has-text-align-center has-ast-global-color-8-color has-text-color has-link-color wp-elements-962f39f92dab69f17f6ff692c116a51e\"><\/p>\n<\/div>\n<\/div>\n","protected":false},"excerpt":{"rendered":"<p>Pourquoi offrir une carte cadeau ? Moment de d\u00e9tente Cadeau personnalis\u00e9 Choix libre Comment \u00e7a marche ? Valables 1 an [&hellip;]<\/p>\n","protected":false},"author":1,"featured_media":0,"parent":0,"menu_order":0,"comment_status":"closed","ping_status":"closed","template":"","meta":{"_seopress_robots_primary_cat":"","_seopress_titles_title":"","_seopress_titles_desc":"","_seopress_robots_index":"","site-sidebar-layout":"default","site-content-layout":"","ast-site-content-layout":"","site-content-style":"default","site-sidebar-style":"default","ast-global-header-display":"","ast-banner-title-visibility":"","ast-main-header-display":"","ast-hfb-above-header-display":"","ast-hfb-below-header-display":"","ast-hfb-mobile-header-display":"","site-post-title":"disabled","ast-breadcrumbs-content":"","ast-featured-img":"","footer-sml-layout":"","theme-transparent-header-meta":"","adv-header-id-meta":"","stick-header-meta":"","header-above-stick-meta":"","header-main-stick-meta":"","header-below-stick-meta":"","astra-migrate-meta-layouts":"default","ast-page-background-enabled":"default","ast-page-background-meta":{"desktop":{"background-color":"var(--ast-global-color-5)","background-image":"","background-repeat":"repeat","background-position":"center center","background-size":"auto","background-attachment":"scroll","background-type":"","background-media":"","overlay-type":"","overlay-color":"","overlay-opacity":"","overlay-gradient":""},"tablet":{"background-color":"","background-image":"","background-repeat":"repeat","background-position":"center center","background-size":"auto","background-attachment":"scroll","background-type":"","background-media":"","overlay-type":"","overlay-color":"","overlay-opacity":"","overlay-gradient":""},"mobile":{"background-color":"","background-image":"","background-repeat":"repeat","background-position":"center center","background-size":"auto","background-attachment":"scroll","background-type":"","background-media":"","overlay-type":"","overlay-color":"","overlay-opacity":"","overlay-gradient":""}},"ast-content-background-meta":{"desktop":{"background-color":"var(--ast-global-color-4)","background-image":"","background-repeat":"repeat","background-position":"center center","background-size":"auto","background-attachment":"scroll","background-type":"","background-media":"","overlay-type":"","overlay-color":"","overlay-opacity":"","overlay-gradient":""},"tablet":{"background-color":"var(--ast-global-color-4)","background-image":"","background-repeat":"repeat","background-position":"center center","background-size":"auto","background-attachment":"scroll","background-type":"","background-media":"","overlay-type":"","overlay-color":"","overlay-opacity":"","overlay-gradient":""},"mobile":{"background-color":"var(--ast-global-color-4)","background-image":"","background-repeat":"repeat","background-position":"center center","background-size":"auto","background-attachment":"scroll","background-type":"","background-media":"","overlay-type":"","overlay-color":"","overlay-opacity":"","overlay-gradient":""}},"_glsr_average":0,"_glsr_ranking":0,"_glsr_reviews":0,"footnotes":""},"class_list":["post-1001","page","type-page","status-publish","hentry"],"_links":{"self":[{"href":"https:\/\/ilaaura-bien-etre.com\/index.php\/wp-json\/wp\/v2\/pages\/1001","targetHints":{"allow":["GET"]}}],"collection":[{"href":"https:\/\/ilaaura-bien-etre.com\/index.php\/wp-json\/wp\/v2\/pages"}],"about":[{"href":"https:\/\/ilaaura-bien-etre.com\/index.php\/wp-json\/wp\/v2\/types\/page"}],"author":[{"embeddable":true,"href":"https:\/\/ilaaura-bien-etre.com\/index.php\/wp-json\/wp\/v2\/users\/1"}],"replies":[{"embeddable":true,"href":"https:\/\/ilaaura-bien-etre.com\/index.php\/wp-json\/wp\/v2\/comments?post=1001"}],"version-history":[{"count":49,"href":"https:\/\/ilaaura-bien-etre.com\/index.php\/wp-json\/wp\/v2\/pages\/1001\/revisions"}],"predecessor-version":[{"id":1123,"href":"https:\/\/ilaaura-bien-etre.com\/index.php\/wp-json\/wp\/v2\/pages\/1001\/revisions\/1123"}],"wp:attachment":[{"href":"https:\/\/ilaaura-bien-etre.com\/index.php\/wp-json\/wp\/v2\/media?parent=1001"}],"curies":[{"name":"wp","href":"https:\/\/api.w.org\/{rel}","templated":true}]}}