{"id":1206,"date":"2026-02-23T20:08:14","date_gmt":"2026-02-23T19:08:14","guid":{"rendered":"https:\/\/ilaaura-bien-etre.com\/?page_id=1206"},"modified":"2026-04-01T19:58:40","modified_gmt":"2026-04-01T17:58:40","slug":"autres-services","status":"publish","type":"page","link":"https:\/\/ilaaura-bien-etre.com\/index.php\/autres-services\/","title":{"rendered":"Autres Services"},"content":{"rendered":"\n<div class=\"wp-block-cover alignfull\" style=\"min-height:50vh;aspect-ratio:unset;\"><img alt=\"\" loading=\"lazy\" decoding=\"async\" width=\"1536\" height=\"1024\" class=\"wp-block-cover__image-background wp-image-1243 size-full\" alt=\"\" src=\"https:\/\/ilaaura-bien-etre.com\/wp-content\/uploads\/2026\/02\/header_autres_service.webp\" style=\"object-position:49% 67%\" data-object-fit=\"cover\" data-object-position=\"49% 67%\" srcset=\"https:\/\/ilaaura-bien-etre.com\/wp-content\/uploads\/2026\/02\/header_autres_service.webp 1536w, https:\/\/ilaaura-bien-etre.com\/wp-content\/uploads\/2026\/02\/header_autres_service-300x200.webp 300w, https:\/\/ilaaura-bien-etre.com\/wp-content\/uploads\/2026\/02\/header_autres_service-1024x683.webp 1024w, https:\/\/ilaaura-bien-etre.com\/wp-content\/uploads\/2026\/02\/header_autres_service-768x512.webp 768w\" sizes=\"auto, (max-width: 1536px) 100vw, 1536px\" \/><span aria-hidden=\"true\" class=\"wp-block-cover__background has-background-dim-60 has-background-dim\" style=\"background-color:#000000\"><\/span><div class=\"wp-block-cover__inner-container is-layout-constrained wp-block-cover-is-layout-constrained\">\n<h2 class=\"wp-block-heading has-text-color has-link-color wp-elements-3e86f71b758e0046f96112ae4aeee0de\" style=\"color:#c7dad4\">\ud83c\udf3f <strong>Autres Services d&#8217;ILA&#8217; AURA <\/strong><\/h2>\n\n\n\n<p class=\"has-ast-global-color-4-color has-text-color has-link-color wp-elements-16ca398dd5fece576b9d831312004ed8\">Massages \u00e0 domicile &amp; interventions bien-\u00eatre<\/p>\n<\/div><\/div>\n\n\n\n\n\n<section class=\"wp-block-group alignfull is-layout-constrained wp-block-group-is-layout-constrained\">\n<h2 class=\"wp-block-heading has-text-align-center\" style=\"font-size:34px\">\ud83d\ude97 Massages \u00e0 domicile<\/h2>\n\n\n\n<div style=\"height:25px\" aria-hidden=\"true\" class=\"wp-block-spacer\"><\/div>\n\n\n\n<p class=\"has-text-align-center has-ast-global-color-8-color has-text-color has-link-color wp-elements-41d4e2679933bfaa1c3550fe415dc01a\">Offrez-vous un moment de d\u00e9tente chez vous, dans votre cocon.<br>Je me d\u00e9place avec ma table de massage afin de recr\u00e9er une atmosph\u00e8re propice \u00e0 la relaxation.<\/p>\n\n\n\n<h3 class=\"wp-block-heading has-text-align-center\">\ud83d\udcb6 Frais de d\u00e9placement <em>(\u00e0 r\u00e9gler en compl\u00e9ment du massage)<\/em><\/h3>\n\n\n\n<p class=\"has-text-align-center has-ast-global-color-8-color has-text-color has-link-color wp-elements-999c3c0c8d4704ffc782a4a08105e7fb\"><strong>+10 \u20ac :<\/strong><br>Brugui\u00e8res, Gratentour, Villeneuve-l\u00e8s-Bouloc, Saint-Alban, Aucamville, Castelginest, Saint-Jory, Lespinasse, Gagnac, Fenouillet<\/p>\n\n\n\n<p class=\"has-text-align-center has-ast-global-color-8-color has-text-color has-link-color wp-elements-cfca5a531ddc7f090ce9c2b02b887f9a\"><strong>+15 \u20ac :<\/strong><br>Blagnac, Beauzelle, Seilh, Fonbeauzard, Launaguet, Castelnau-d\u2019Estretefonds, Pechbonnieu<\/p>\n\n\n\n<p class=\"has-text-align-center has-ast-global-color-8-color has-text-color has-link-color wp-elements-4caa6f183acccb55a5b967e407d53d32\"><strong>Au-del\u00e0 du secteur Nord Toulousain :<\/strong><br>\ud83d\udc49 Sur devis<\/p>\n<\/section>\n\n\n\n<section class=\"wp-block-group alignfull has-ast-global-color-6-background-color has-background is-layout-constrained wp-block-group-is-layout-constrained\" id=\"cures-kobido\">\n<h2 class=\"wp-block-heading has-text-align-center\" style=\"font-size:34px\">\ud83c\udfe2 Entreprises \u2022 \u00c9v\u00e8nements \u2022 Moments partag\u00e9s<\/h2>\n\n\n\n<div style=\"height:30px\" aria-hidden=\"true\" class=\"wp-block-spacer\"><\/div>\n\n\n\n<div class=\"wp-block-columns is-layout-flex wp-container-core-columns-is-layout-28f84493 wp-block-columns-is-layout-flex\">\n<div class=\"wp-block-column has-white-background-color has-background is-layout-flow wp-container-core-column-is-layout-7470aa81 wp-block-column-is-layout-flow\" style=\"border-top-left-radius:15px;border-top-right-radius:15px;border-bottom-left-radius:15px;border-bottom-right-radius:15px;padding-top:var(--wp--preset--spacing--50);padding-right:var(--wp--preset--spacing--50);padding-bottom:var(--wp--preset--spacing--50);padding-left:var(--wp--preset--spacing--50)\">\n<p class=\"has-ast-global-color-8-color has-text-color has-link-color wp-elements-e34cd24fd53c59e2f0bbcfba504b73ab\">Je propose \u00e9galement des interventions bien-\u00eatre :<\/p>\n\n\n\n<ul class=\"wp-block-list has-ast-global-color-8-color has-text-color has-link-color wp-elements-34f57791a3b66abc171ab28b34d3a65a\">\n<li>En entreprise<\/li>\n\n\n\n<li>Lors d&#8217;\u00e9v\u00e8nements<\/li>\n\n\n\n<li>Pour anniversaires<\/li>\n\n\n\n<li>EVJF<\/li>\n\n\n\n<li>Journ\u00e9es sp\u00e9ciales<\/li>\n\n\n\n<li>Parenth\u00e8ses d\u00e9tente entre proches<\/li>\n<\/ul>\n<\/div>\n\n\n\n<div class=\"wp-block-column has-white-background-color has-background is-layout-flow wp-container-core-column-is-layout-7470aa81 wp-block-column-is-layout-flow\" style=\"border-top-left-radius:15px;border-top-right-radius:15px;border-bottom-left-radius:15px;border-bottom-right-radius:15px;padding-top:var(--wp--preset--spacing--50);padding-right:var(--wp--preset--spacing--50);padding-bottom:var(--wp--preset--spacing--50);padding-left:var(--wp--preset--spacing--50)\">\n<p class=\"has-ast-global-color-8-color has-text-color has-link-color wp-elements-0fe9700bf61c120cd725d140081de1da\">Chaque prestation est adapt\u00e9e sur mesure selon :<\/p>\n\n\n\n<ul class=\"wp-block-list has-ast-global-color-8-color has-text-color has-link-color wp-elements-953186bcd39aff1b5241f10d12c32d4b\">\n<li>Le nombre de personnes<\/li>\n\n\n\n<li>La dur\u00e9e souhait\u00e9e<\/li>\n\n\n\n<li>Le type de massage<\/li>\n\n\n\n<li>Journ\u00e9es sp\u00e9ciales<\/li>\n\n\n\n<li>Le lieux<\/li>\n<\/ul>\n<\/div>\n<\/div>\n<\/section>\n\n\n\n<section class=\"wp-block-group alignfull is-layout-constrained wp-block-group-is-layout-constrained\" id=\"cures-kobido\">\n<h2 class=\"wp-block-heading has-text-align-center\" style=\"font-size:34px\">\ud83d\udcde Demande d\u2019informations<\/h2>\n\n\n\n<p class=\"has-text-align-center has-ast-global-color-8-color has-text-color has-link-color wp-elements-55ae4d0c46b40e80b13f2d2cb56504f6\">\ud83d\udcde <strong>T\u00e9l\u00e9phone <\/strong>: 06.59.24.56.61<br>\ud83d\udce7 <strong>Email <\/strong>: <a>contact@ilaaura-bien-etre.com<\/a><\/p>\n<\/section>\n\n\n\n<p><\/p>\n","protected":false},"excerpt":{"rendered":"<p>Massage du visage Massage cr\u00e2nien Massages du corps Massage des pieds \ud83d\ude97 Massages \u00e0 domicile Offrez-vous un moment de d\u00e9tente [&hellip;]<\/p>\n","protected":false},"author":1,"featured_media":0,"parent":0,"menu_order":0,"comment_status":"closed","ping_status":"closed","template":"","meta":{"_seopress_robots_primary_cat":"","_seopress_titles_title":"Service de massage bien-\u00eatre \u00e0 Toulouse - D\u00e9tente & relaxation naturel","_seopress_titles_desc":"D\u00e9couvrez nos prestations de massage bien\u2011\u00eatre naturel \u00e0 Toulouse : relaxation, \u00e9nerg\u00e9tique, r\u00e9flexologie, huiles essentielles... R\u00e9servez d\u00e8s maintenant !","_seopress_robots_index":"yes","site-sidebar-layout":"default","site-content-layout":"","ast-site-content-layout":"","site-content-style":"default","site-sidebar-style":"default","ast-global-header-display":"","ast-banner-title-visibility":"","ast-main-header-display":"","ast-hfb-above-header-display":"","ast-hfb-below-header-display":"","ast-hfb-mobile-header-display":"","site-post-title":"disabled","ast-breadcrumbs-content":"","ast-featured-img":"","footer-sml-layout":"","theme-transparent-header-meta":"","adv-header-id-meta":"","stick-header-meta":"","header-above-stick-meta":"","header-main-stick-meta":"","header-below-stick-meta":"","astra-migrate-meta-layouts":"default","ast-page-background-enabled":"default","ast-page-background-meta":{"desktop":{"background-color":"var(--ast-global-color-5)","background-image":"","background-repeat":"repeat","background-position":"center center","background-size":"auto","background-attachment":"scroll","background-type":"","background-media":"","overlay-type":"","overlay-color":"","overlay-opacity":"","overlay-gradient":""},"tablet":{"background-color":"","background-image":"","background-repeat":"repeat","background-position":"center center","background-size":"auto","background-attachment":"scroll","background-type":"","background-media":"","overlay-type":"","overlay-color":"","overlay-opacity":"","overlay-gradient":""},"mobile":{"background-color":"","background-image":"","background-repeat":"repeat","background-position":"center center","background-size":"auto","background-attachment":"scroll","background-type":"","background-media":"","overlay-type":"","overlay-color":"","overlay-opacity":"","overlay-gradient":""}},"ast-content-background-meta":{"desktop":{"background-color":"var(--ast-global-color-4)","background-image":"","background-repeat":"repeat","background-position":"center center","background-size":"auto","background-attachment":"scroll","background-type":"","background-media":"","overlay-type":"","overlay-color":"","overlay-opacity":"","overlay-gradient":""},"tablet":{"background-color":"var(--ast-global-color-4)","background-image":"","background-repeat":"repeat","background-position":"center center","background-size":"auto","background-attachment":"scroll","background-type":"","background-media":"","overlay-type":"","overlay-color":"","overlay-opacity":"","overlay-gradient":""},"mobile":{"background-color":"var(--ast-global-color-4)","background-image":"","background-repeat":"repeat","background-position":"center center","background-size":"auto","background-attachment":"scroll","background-type":"","background-media":"","overlay-type":"","overlay-color":"","overlay-opacity":"","overlay-gradient":""}},"_glsr_average":0,"_glsr_ranking":0,"_glsr_reviews":0,"footnotes":""},"class_list":["post-1206","page","type-page","status-publish","hentry"],"_links":{"self":[{"href":"https:\/\/ilaaura-bien-etre.com\/index.php\/wp-json\/wp\/v2\/pages\/1206","targetHints":{"allow":["GET"]}}],"collection":[{"href":"https:\/\/ilaaura-bien-etre.com\/index.php\/wp-json\/wp\/v2\/pages"}],"about":[{"href":"https:\/\/ilaaura-bien-etre.com\/index.php\/wp-json\/wp\/v2\/types\/page"}],"author":[{"embeddable":true,"href":"https:\/\/ilaaura-bien-etre.com\/index.php\/wp-json\/wp\/v2\/users\/1"}],"replies":[{"embeddable":true,"href":"https:\/\/ilaaura-bien-etre.com\/index.php\/wp-json\/wp\/v2\/comments?post=1206"}],"version-history":[{"count":34,"href":"https:\/\/ilaaura-bien-etre.com\/index.php\/wp-json\/wp\/v2\/pages\/1206\/revisions"}],"predecessor-version":[{"id":1255,"href":"https:\/\/ilaaura-bien-etre.com\/index.php\/wp-json\/wp\/v2\/pages\/1206\/revisions\/1255"}],"wp:attachment":[{"href":"https:\/\/ilaaura-bien-etre.com\/index.php\/wp-json\/wp\/v2\/media?parent=1206"}],"curies":[{"name":"wp","href":"https:\/\/api.w.org\/{rel}","templated":true}]}}