{"id":21,"date":"2025-04-27T19:31:54","date_gmt":"2025-04-27T17:31:54","guid":{"rendered":"https:\/\/ilaaura-bien-etre.com\/?page_id=21"},"modified":"2026-02-15T18:04:25","modified_gmt":"2026-02-15T17:04:25","slug":"accueil","status":"publish","type":"page","link":"https:\/\/ilaaura-bien-etre.com\/","title":{"rendered":"Accueil"},"content":{"rendered":"\n<div class=\"wp-block-cover alignfull is-light\" style=\"min-height:720px;aspect-ratio:unset;\"><img alt=\"\" loading=\"lazy\" decoding=\"async\" width=\"2560\" height=\"1557\" class=\"wp-block-cover__image-background wp-image-868 size-full\" alt=\"\" src=\"https:\/\/ilaaura-bien-etre.com\/wp-content\/uploads\/2026\/01\/Page-daccueil-scaled.webp\" style=\"object-position:63% 72%\" data-object-fit=\"cover\" data-object-position=\"63% 72%\" srcset=\"https:\/\/ilaaura-bien-etre.com\/wp-content\/uploads\/2026\/01\/Page-daccueil-scaled.webp 2560w, https:\/\/ilaaura-bien-etre.com\/wp-content\/uploads\/2026\/01\/Page-daccueil-300x182.webp 300w, https:\/\/ilaaura-bien-etre.com\/wp-content\/uploads\/2026\/01\/Page-daccueil-1024x623.webp 1024w, https:\/\/ilaaura-bien-etre.com\/wp-content\/uploads\/2026\/01\/Page-daccueil-768x467.webp 768w, https:\/\/ilaaura-bien-etre.com\/wp-content\/uploads\/2026\/01\/Page-daccueil-1536x934.webp 1536w, https:\/\/ilaaura-bien-etre.com\/wp-content\/uploads\/2026\/01\/Page-daccueil-2048x1246.webp 2048w\" sizes=\"auto, (max-width: 2560px) 100vw, 2560px\" \/><span aria-hidden=\"true\" class=\"wp-block-cover__background has-background-dim-30 has-background-dim\"><\/span><div class=\"wp-block-cover__inner-container is-layout-constrained wp-block-cover-is-layout-constrained\">\n<div class=\"wp-block-columns is-layout-flex wp-container-core-columns-is-layout-28f84493 wp-block-columns-is-layout-flex\">\n<div class=\"wp-block-column is-layout-constrained wp-block-column-is-layout-constrained\">\n<h2 class=\"wp-block-heading titre-principal has-ast-global-color-0-color has-text-color has-link-color wp-elements-44e59f07417438298f1800ed2d1c0711\" style=\"font-size:100px\">ILA&#8217;AURA<\/h2>\n\n\n\n<h3 class=\"wp-block-heading has-white-color has-text-color has-link-color wp-elements-a38948d606992680eb5b8a309dbc2fb6\">MASSAGE BIEN-\u00caTRE<\/h3>\n\n\n\n<p><\/p>\n\n\n\n<h4 class=\"wp-block-heading has-white-color has-text-color has-link-color wp-elements-84e36fef56150b4e847dcceac49cdf33\">Un massage, une parenth\u00e8se\u2026<br>Des soins pour d\u00e9tendre le corps, apaiser l&#8217;esprit et retrouver l&#8217;\u00e9quilibre<br>Les influences Antillaises, orientales se d\u00e9voilent au fil des soins propos\u00e9s<\/h4>\n\n\n\n<div style=\"height:50px\" aria-hidden=\"true\" class=\"wp-block-spacer\"><\/div>\n\n\n\n<div class=\"wp-block-buttons is-layout-flex wp-block-buttons-is-layout-flex\">\n<div class=\"wp-block-button has-custom-width wp-block-button__width-25 is-style-fill\"><a class=\"wp-block-button__link has-ast-global-color-0-color has-text-color has-link-color wp-element-button\" href=\"https:\/\/ilaaura-bien-etre.com\/index.php\/services\/\" style=\"padding-top:var(--wp--preset--spacing--50);padding-right:var(--wp--preset--spacing--30);padding-bottom:var(--wp--preset--spacing--50);padding-left:var(--wp--preset--spacing--30)\">R\u00e9server une s\u00e9ance<\/a><\/div>\n<\/div>\n<\/div>\n<\/div>\n<\/div><\/div>\n\n\n\n<div class=\"wp-block-cover alignfull is-light\" id=\"services\"><span aria-hidden=\"true\" class=\"wp-block-cover__background has-ast-global-color-5-background-color has-background-dim\"><\/span><div class=\"wp-block-cover__inner-container is-layout-constrained wp-block-cover-is-layout-constrained\">\n<div class=\"wp-block-cover alignfull is-light\"><span aria-hidden=\"true\" class=\"wp-block-cover__background has-background-dim-100 has-background-dim\" style=\"background-color:#ffffff\"><\/span><div class=\"wp-block-cover__inner-container is-layout-constrained wp-block-cover-is-layout-constrained\">\n<div class=\"wp-block-media-text alignwide is-stacked-on-mobile is-vertically-aligned-center is-image-fill-element\" style=\"grid-template-columns:56% auto\"><figure class=\"wp-block-media-text__media\"><img alt=\"\" loading=\"lazy\" decoding=\"async\" width=\"940\" height=\"788\" src=\"https:\/\/ilaaura-bien-etre.com\/wp-content\/uploads\/2025\/04\/Beige-Collage-Massage-Promotion-Facebook-Post.webp\" alt=\"\" class=\"wp-image-85 size-full\" style=\"object-position:50% 50%\" srcset=\"https:\/\/ilaaura-bien-etre.com\/wp-content\/uploads\/2025\/04\/Beige-Collage-Massage-Promotion-Facebook-Post.webp 940w, https:\/\/ilaaura-bien-etre.com\/wp-content\/uploads\/2025\/04\/Beige-Collage-Massage-Promotion-Facebook-Post-300x251.webp 300w, https:\/\/ilaaura-bien-etre.com\/wp-content\/uploads\/2025\/04\/Beige-Collage-Massage-Promotion-Facebook-Post-768x644.webp 768w\" sizes=\"auto, (max-width: 940px) 100vw, 940px\" \/><\/figure><div class=\"wp-block-media-text__content\">\n<h2 class=\"wp-block-heading h2-bien-etre\" style=\"font-size:2rem\"><strong><strong>Bien-\u00eatre absolue<\/strong><\/strong><\/h2>\n\n\n\n<p class=\"has-text-color\" style=\"color:#000000;font-size:17px\">Offrez-vous une parenth\u00e8se de douceur et de s\u00e9r\u00e9nit\u00e9. Chaque soin est pens\u00e9 pour vous apporter un v\u00e9ritable moment de d\u00e9tente, de recentrage et d\u2019harmonie. Que vous recherchiez un massage relaxant, un soin \u00e9nerg\u00e9tique ou un instant de l\u00e2cher-prise, mes prestations sont adapt\u00e9es \u00e0 vos besoins. Laissez-vous guider vers un mieux-\u00eatre profond.<\/p>\n\n\n\n<div class=\"wp-block-buttons is-layout-flex wp-block-buttons-is-layout-flex\">\n<div class=\"wp-block-button has-custom-width wp-block-button__width-75 is-style-outline is-style-outline--1\"><a class=\"wp-block-button__link wp-element-button\" href=\"https:\/\/ilaaura-bien-etre.com\/index.php\/services\/\">Voir toutes les prestations <\/a><\/div>\n<\/div>\n<\/div><\/div>\n<\/div><\/div>\n<\/div><\/div>\n\n\n\n<div class=\"wp-block-cover alignfull has-custom-content-position is-position-top-center section-services\" style=\"min-height:755px;aspect-ratio:unset;\"><span aria-hidden=\"true\" class=\"wp-block-cover__background has-ast-global-color-6-background-color has-background-dim-100 has-background-dim\"><\/span><div class=\"wp-block-cover__inner-container is-layout-constrained wp-block-cover-is-layout-constrained\">\n<h2 class=\"wp-block-heading has-text-align-center\">Services<\/h2>\n\n\n\n<div style=\"height:30px\" aria-hidden=\"true\" class=\"wp-block-spacer espacement\"><\/div>\n\n\n<div class=\"free align wp-block-bicb-carousel\" id='bicbCarousel-2' data-attributes='{&quot;carousels&quot;:[{&quot;image&quot;:{&quot;id&quot;:475,&quot;url&quot;:&quot;http:\\\/\\\/ilaaura-bien-etre.com\\\/wp-content\\\/uploads\\\/2025\\\/05\\\/Massage-signature-scaled.webp&quot;,&quot;alt&quot;:&quot;&quot;,&quot;title&quot;:&quot;Massage signature&quot;,&quot;caption&quot;:&quot;&quot;},&quot;action&quot;:&quot;link&quot;,&quot;link&quot;:&quot;https:\\\/\\\/ilaaura-bien-etre.com\\\/index.php\\\/services\\\/&quot;,&quot;caption&quot;:&quot;Massage Signature&quot;},{&quot;image&quot;:{&quot;id&quot;:477,&quot;url&quot;:&quot;http:\\\/\\\/ilaaura-bien-etre.com\\\/wp-content\\\/uploads\\\/2025\\\/05\\\/Balinais-scaled.webp&quot;,&quot;alt&quot;:&quot;&quot;,&quot;title&quot;:&quot;Balinais&quot;,&quot;caption&quot;:&quot;&quot;},&quot;action&quot;:&quot;link&quot;,&quot;link&quot;:&quot;https:\\\/\\\/ilaaura-bien-etre.com\\\/index.php\\\/services\\\/&quot;,&quot;caption&quot;:&quot;Massage Balinais&quot;},{&quot;image&quot;:{&quot;id&quot;:817,&quot;url&quot;:&quot;http:\\\/\\\/ilaaura-bien-etre.com\\\/wp-content\\\/uploads\\\/2025\\\/09\\\/Massage-LOMI-LOMI-e1758473777967.webp&quot;,&quot;alt&quot;:&quot;&quot;,&quot;title&quot;:&quot;Massage LOMI LOMI&quot;,&quot;caption&quot;:&quot;&quot;},&quot;action&quot;:&quot;link&quot;,&quot;link&quot;:&quot;https:\\\/\\\/ilaaura-bien-etre.com\\\/index.php\\\/services\\\/&quot;,&quot;caption&quot;:&quot;Massage Lomi Lomi&quot;},{&quot;image&quot;:{&quot;id&quot;:821,&quot;url&quot;:&quot;http:\\\/\\\/ilaaura-bien-etre.com\\\/wp-content\\\/uploads\\\/2025\\\/09\\\/Massage-DEEP-TISSUE.webp&quot;,&quot;alt&quot;:&quot;&quot;,&quot;title&quot;:&quot;Massage DEEP TISSUE&quot;,&quot;caption&quot;:&quot;&quot;},&quot;action&quot;:&quot;link&quot;,&quot;link&quot;:&quot;https:\\\/\\\/ilaaura-bien-etre.com\\\/index.php\\\/services\\\/&quot;,&quot;caption&quot;:&quot;Massage Deep Tissue&quot;},{&quot;image&quot;:{&quot;id&quot;:634,&quot;url&quot;:&quot;http:\\\/\\\/ilaaura-bien-etre.com\\\/wp-content\\\/uploads\\\/2025\\\/06\\\/Kobido3-scaled.webp&quot;,&quot;alt&quot;:&quot;&quot;,&quot;title&quot;:&quot;Kobido3&quot;,&quot;caption&quot;:&quot;&quot;},&quot;action&quot;:&quot;link&quot;,&quot;link&quot;:&quot;https:\\\/\\\/ilaaura-bien-etre.com\\\/index.php\\\/services\\\/&quot;,&quot;caption&quot;:&quot;Massage Kobido&quot;},{&quot;image&quot;:{&quot;id&quot;:782,&quot;url&quot;:&quot;http:\\\/\\\/ilaaura-bien-etre.com\\\/wp-content\\\/uploads\\\/2025\\\/08\\\/Shirotchampi-1-scaled.webp&quot;,&quot;alt&quot;:&quot;&quot;,&quot;title&quot;:&quot;Shirotchampi 1&quot;,&quot;caption&quot;:&quot;&quot;},&quot;action&quot;:&quot;link&quot;,&quot;link&quot;:&quot;https:\\\/\\\/ilaaura-bien-etre.com\\\/index.php\\\/services\\\/&quot;,&quot;caption&quot;:&quot;Massage Ayurv\\u00e9dique -Shirotchampi&quot;},{&quot;image&quot;:{&quot;id&quot;:479,&quot;url&quot;:&quot;http:\\\/\\\/ilaaura-bien-etre.com\\\/wp-content\\\/uploads\\\/2025\\\/05\\\/Foot-Thai-scaled.webp&quot;,&quot;alt&quot;:&quot;&quot;,&quot;title&quot;:&quot;Foot Tha\\u00ef&quot;,&quot;caption&quot;:&quot;&quot;},&quot;action&quot;:&quot;link&quot;,&quot;link&quot;:&quot;https:\\\/\\\/ilaaura-bien-etre.com\\\/index.php\\\/services\\\/&quot;,&quot;caption&quot;:&quot;Massage Foot Tha\\u00ef&quot;}],&quot;carouselOptions&quot;:{&quot;columns&quot;:{&quot;desktop&quot;:1,&quot;tablet&quot;:2,&quot;mobile&quot;:1},&quot;columnGap&quot;:30,&quot;isLoop&quot;:true,&quot;allowTouchMove&quot;:false,&quot;speed&quot;:1.5,&quot;autoplayOptions&quot;:{&quot;enabled&quot;:true,&quot;delay&quot;:1.5,&quot;disableOnInteraction&quot;:false,&quot;reverseDirection&quot;:false,&quot;pauseOnMouseEnter&quot;:false,&quot;stopOnLastSlide&quot;:false},&quot;freeMode&quot;:{&quot;enabled&quot;:false,&quot;sticky&quot;:false},&quot;effect&quot;:&quot;slide&quot;,&quot;mousewheel&quot;:{&quot;enabled&quot;:false},&quot;pagination&quot;:{&quot;inTablet&quot;:true,&quot;inMobile&quot;:true,&quot;clickable&quot;:true,&quot;dynamicBullets&quot;:false,&quot;border&quot;:[]},&quot;navigation&quot;:{&quot;inTablet&quot;:true,&quot;inMobile&quot;:true}},&quot;pageColor&quot;:&quot;rgba(255, 255, 255, 1)&quot;,&quot;prevNextColor&quot;:&quot;rgba(255, 255, 255, 1)&quot;,&quot;caption&quot;:{&quot;display&quot;:&quot;normal&quot;,&quot;position&quot;:&quot;onImage&quot;,&quot;verticalAlign&quot;:&quot;center&quot;,&quot;typo&quot;:{&quot;fontSize&quot;:{&quot;desktop&quot;:20,&quot;tablet&quot;:15,&quot;mobile&quot;:15}},&quot;textAlign&quot;:&quot;center&quot;,&quot;colors&quot;:{&quot;color&quot;:&quot;#fff&quot;,&quot;bg&quot;:&quot;#0000&quot;},&quot;overlay&quot;:{&quot;type&quot;:&quot;solid&quot;,&quot;gradient&quot;:&quot;linear-gradient(0deg, #000 0%, #0000 50%, #0000 100%)&quot;,&quot;color&quot;:&quot;rgba(0, 0, 0, 0.2)&quot;},&quot;padding&quot;:{&quot;top&quot;:&quot;5px&quot;,&quot;right&quot;:&quot;8px&quot;,&quot;bottom&quot;:&quot;5px&quot;,&quot;left&quot;:&quot;8px&quot;}},&quot;metadata&quot;:{&quot;categories&quot;:[&quot;bicbPattern&quot;],&quot;patternName&quot;:&quot;bicb-patterns\\\/center-caption&quot;,&quot;name&quot;:&quot;Carousel- Center Caption&quot;},&quot;align&quot;:&quot;&quot;,&quot;layout&quot;:&quot;&quot;,&quot;width&quot;:{&quot;desktop&quot;:&quot;100%&quot;,&quot;tablet&quot;:&quot;100%&quot;,&quot;mobile&quot;:&quot;100%&quot;},&quot;height&quot;:{&quot;desktop&quot;:&quot;&quot;,&quot;tablet&quot;:&quot;&quot;,&quot;mobile&quot;:&quot;&quot;},&quot;elements&quot;:{&quot;linkNewTab&quot;:false,&quot;linkOn&quot;:&quot;image&quot;},&quot;alignment&quot;:&quot;center&quot;,&quot;background&quot;:{&quot;color&quot;:&quot;#0000&quot;},&quot;padding&quot;:{&quot;vertical&quot;:&quot;30px&quot;,&quot;horizontal&quot;:&quot;10px&quot;},&quot;isPage&quot;:true,&quot;pageSize&quot;:&quot;12px&quot;,&quot;isPrevNext&quot;:true,&quot;prevNextSize&quot;:&quot;25px&quot;,&quot;image&quot;:{&quot;width&quot;:&quot;100%&quot;}}'><\/div><\/div><\/div>\n\n\n\n<div class=\"wp-block-group alignfull has-ast-global-color-4-background-color has-background is-layout-constrained wp-container-core-group-is-layout-6a2cfb7b wp-block-group-is-layout-constrained\" id=\"reviews\"><div class=\"glsr glsr-default\" id=\"glsr_fadcaca3\" data-from=\"block\" data-shortcode=\"site_reviews\" data-hide=\"date\"><div class=\"glsr-reviews-wrap\">\n    <div class=\"glsr-reviews\">\n        <div class=\"glsr-review\" data-type=\"local\" id=\"review-592\" data-assigned='[]'>\n    <div class=\"glsr-review-title\"><h4 class=\"glsr-tag-value\">A consommer sans mod\u00e9ration !<\/h4><\/div>\n    <div class=\"glsr-review-rating\"><div class=\"glsr-star-rating glsr-stars\" role=\"img\" aria-label=\"Rated 5 out of 5 stars\" data-rating=\"5\" data-reviews=\"0\"><span class=\"glsr-star glsr-star-full\" aria-hidden=\"true\"><\/span><span class=\"glsr-star glsr-star-full\" aria-hidden=\"true\"><\/span><span class=\"glsr-star glsr-star-full\" aria-hidden=\"true\"><\/span><span class=\"glsr-star glsr-star-full\" aria-hidden=\"true\"><\/span><span class=\"glsr-star glsr-star-full\" aria-hidden=\"true\"><\/span><\/div><\/div> \n    \n    <div class=\"glsr-review-content\"><div class=\"glsr-tag-value\" data-expanded=\"false\"><p>Marie Pierre a des doigts de f\u00e9e, d\u00e9tente et l\u00e2cher prise assur\u00e9e.<\/p>\n<p>Une magnifique d\u00e9couverte, une parenth\u00e8se de douceur qui fait du bien au corps et \u00e0 l&#8217;esprit.<\/p><\/div><\/div>\n    <div class=\"glsr-review-avatar\"><img decoding=\"async\" style=\"width:40px; height:40px;\" alt=\"Avatar for Karine\" height=\"80\" loading=\"lazy\" src=\"https:\/\/secure.gravatar.com\/avatar\/63827be1e91f00d64c6a18eddd0ec01e73a1b96696ecd4f24609a6ca1c456a22?s=80&amp;d=mm&amp;r=g\" width=\"80\" \/><\/div> <div class=\"glsr-review-author\"><span class=\"glsr-tag-value\">Karine<\/span><\/div> \n    \n<\/div>\n<div class=\"glsr-review\" data-type=\"local\" id=\"review-514\" data-assigned='[]'>\n    <div class=\"glsr-review-title\"><h4 class=\"glsr-tag-value\">Moment de relaxation<\/h4><\/div>\n    <div class=\"glsr-review-rating\"><div class=\"glsr-star-rating glsr-stars\" role=\"img\" aria-label=\"Rated 5 out of 5 stars\" data-rating=\"5\" data-reviews=\"0\"><span class=\"glsr-star glsr-star-full\" aria-hidden=\"true\"><\/span><span class=\"glsr-star glsr-star-full\" aria-hidden=\"true\"><\/span><span class=\"glsr-star glsr-star-full\" aria-hidden=\"true\"><\/span><span class=\"glsr-star glsr-star-full\" aria-hidden=\"true\"><\/span><span class=\"glsr-star glsr-star-full\" aria-hidden=\"true\"><\/span><\/div><\/div> \n    \n    <div class=\"glsr-review-content\"><div class=\"glsr-tag-value\" data-expanded=\"false\"><p>Des massages profond et tr\u00e8s agr\u00e9ables. Un grand moment de relaxation.<\/p><\/div><\/div>\n    <div class=\"glsr-review-avatar\"><img decoding=\"async\" style=\"width:40px; height:40px;\" alt=\"Avatar for Nicolas\" height=\"80\" loading=\"lazy\" src=\"https:\/\/secure.gravatar.com\/avatar\/63827be1e91f00d64c6a18eddd0ec01e73a1b96696ecd4f24609a6ca1c456a22?s=80&amp;d=mm&amp;r=g\" width=\"80\" \/><\/div> <div class=\"glsr-review-author\"><span class=\"glsr-tag-value\">Nicolas<\/span><\/div> \n    \n<\/div>\n<div class=\"glsr-review\" data-type=\"local\" id=\"review-507\" data-assigned='[]'>\n    <div class=\"glsr-review-title\"><h4 class=\"glsr-tag-value\">Foncez et prenez rdv &#8230;<\/h4><\/div>\n    <div class=\"glsr-review-rating\"><div class=\"glsr-star-rating glsr-stars\" role=\"img\" aria-label=\"Rated 5 out of 5 stars\" data-rating=\"5\" data-reviews=\"0\"><span class=\"glsr-star glsr-star-full\" aria-hidden=\"true\"><\/span><span class=\"glsr-star glsr-star-full\" aria-hidden=\"true\"><\/span><span class=\"glsr-star glsr-star-full\" aria-hidden=\"true\"><\/span><span class=\"glsr-star glsr-star-full\" aria-hidden=\"true\"><\/span><span class=\"glsr-star glsr-star-full\" aria-hidden=\"true\"><\/span><\/div><\/div> \n    \n    <div class=\"glsr-review-content\"><div class=\"glsr-tag-value\" data-expanded=\"false\"><p>A consommer sans mod\u00e9ration! Des doigts de f\u00e9e qui font du bien au corps &#038; \u00e0 l&#8217;esprit \u2764\ufe0f<\/p><\/div><\/div>\n    <div class=\"glsr-review-avatar\"><img decoding=\"async\" style=\"width:40px; height:40px;\" alt=\"Avatar for C\u00e9line\" height=\"80\" loading=\"lazy\" src=\"https:\/\/secure.gravatar.com\/avatar\/63827be1e91f00d64c6a18eddd0ec01e73a1b96696ecd4f24609a6ca1c456a22?s=80&amp;d=mm&amp;r=g\" width=\"80\" \/><\/div> <div class=\"glsr-review-author\"><span class=\"glsr-tag-value\">C\u00e9line<\/span><\/div> \n    \n<\/div>\n    <\/div>\n    \n<\/div><\/div><\/div>\n\n\n\n<p><\/p>\n","protected":false},"excerpt":{"rendered":"","protected":false},"author":1,"featured_media":0,"parent":0,"menu_order":0,"comment_status":"closed","ping_status":"closed","template":"","meta":{"_seopress_robots_primary_cat":"","_seopress_titles_title":"Massage bien-\u00eatre \u00e0 Toulouse - Ilaaura-bien-\u00eatre","_seopress_titles_desc":"ILAAURA MASSAGE BIEN-\u00caTRE Un massage, une parenth\u00e8se\u2026Des soins pour d\u00e9tendre le corps, apaiser l'esprit et retrouver l'\u00e9quilibre. Les influences Antillaises, orientales se d\u00e9voilent au fil des soins propos\u00e9s. R\u00e9server une s\u00e9ance Bien-\u00eatre absolue. Offrez-vous une parenth\u00e8se de douceur et de s\u00e9r\u00e9nit\u00e9","_seopress_robots_index":"","site-sidebar-layout":"no-sidebar","site-content-layout":"plain-container","ast-site-content-layout":"","site-content-style":"default","site-sidebar-style":"default","ast-global-header-display":"","ast-banner-title-visibility":"","ast-main-header-display":"","ast-hfb-above-header-display":"","ast-hfb-below-header-display":"","ast-hfb-mobile-header-display":"","site-post-title":"disabled","ast-breadcrumbs-content":"","ast-featured-img":"","footer-sml-layout":"","theme-transparent-header-meta":"enabled","adv-header-id-meta":"","stick-header-meta":"","header-above-stick-meta":"","header-main-stick-meta":"","header-below-stick-meta":"","astra-migrate-meta-layouts":"default","ast-page-background-enabled":"default","ast-page-background-meta":{"desktop":{"background-color":"var(--ast-global-color-5)","background-image":"","background-repeat":"repeat","background-position":"center center","background-size":"auto","background-attachment":"scroll","background-type":"","background-media":"","overlay-type":"","overlay-color":"","overlay-opacity":"","overlay-gradient":""},"tablet":{"background-color":"","background-image":"","background-repeat":"repeat","background-position":"center center","background-size":"auto","background-attachment":"scroll","background-type":"","background-media":"","overlay-type":"","overlay-color":"","overlay-opacity":"","overlay-gradient":""},"mobile":{"background-color":"","background-image":"","background-repeat":"repeat","background-position":"center center","background-size":"auto","background-attachment":"scroll","background-type":"","background-media":"","overlay-type":"","overlay-color":"","overlay-opacity":"","overlay-gradient":""}},"ast-content-background-meta":{"desktop":{"background-color":"var(--ast-global-color-4)","background-image":"","background-repeat":"repeat","background-position":"center center","background-size":"auto","background-attachment":"scroll","background-type":"","background-media":"","overlay-type":"","overlay-color":"","overlay-opacity":"","overlay-gradient":""},"tablet":{"background-color":"var(--ast-global-color-4)","background-image":"","background-repeat":"repeat","background-position":"center center","background-size":"auto","background-attachment":"scroll","background-type":"","background-media":"","overlay-type":"","overlay-color":"","overlay-opacity":"","overlay-gradient":""},"mobile":{"background-color":"var(--ast-global-color-4)","background-image":"","background-repeat":"repeat","background-position":"center center","background-size":"auto","background-attachment":"scroll","background-type":"","background-media":"","overlay-type":"","overlay-color":"","overlay-opacity":"","overlay-gradient":""}},"_glsr_average":0,"_glsr_ranking":0,"_glsr_reviews":0,"footnotes":""},"class_list":["post-21","page","type-page","status-publish","hentry"],"_links":{"self":[{"href":"https:\/\/ilaaura-bien-etre.com\/index.php\/wp-json\/wp\/v2\/pages\/21","targetHints":{"allow":["GET"]}}],"collection":[{"href":"https:\/\/ilaaura-bien-etre.com\/index.php\/wp-json\/wp\/v2\/pages"}],"about":[{"href":"https:\/\/ilaaura-bien-etre.com\/index.php\/wp-json\/wp\/v2\/types\/page"}],"author":[{"embeddable":true,"href":"https:\/\/ilaaura-bien-etre.com\/index.php\/wp-json\/wp\/v2\/users\/1"}],"replies":[{"embeddable":true,"href":"https:\/\/ilaaura-bien-etre.com\/index.php\/wp-json\/wp\/v2\/comments?post=21"}],"version-history":[{"count":107,"href":"https:\/\/ilaaura-bien-etre.com\/index.php\/wp-json\/wp\/v2\/pages\/21\/revisions"}],"predecessor-version":[{"id":1103,"href":"https:\/\/ilaaura-bien-etre.com\/index.php\/wp-json\/wp\/v2\/pages\/21\/revisions\/1103"}],"wp:attachment":[{"href":"https:\/\/ilaaura-bien-etre.com\/index.php\/wp-json\/wp\/v2\/media?parent=21"}],"curies":[{"name":"wp","href":"https:\/\/api.w.org\/{rel}","templated":true}]}}