{"id":237,"date":"2025-05-05T20:25:51","date_gmt":"2025-05-05T18:25:51","guid":{"rendered":"https:\/\/ilaaura-bien-etre.com\/?page_id=237"},"modified":"2026-02-23T19:51:12","modified_gmt":"2026-02-23T18:51:12","slug":"mention-legales","status":"publish","type":"page","link":"https:\/\/ilaaura-bien-etre.com\/index.php\/mention-legales\/","title":{"rendered":"Mention l\u00e9gales"},"content":{"rendered":"\n<div class=\"wp-block-cover alignfull\" style=\"min-height:50vh;aspect-ratio:unset;\"><img alt=\"\" loading=\"lazy\" decoding=\"async\" width=\"1024\" height=\"683\" class=\"wp-block-cover__image-background wp-image-238 size-large\" alt=\"\" src=\"https:\/\/ilaaura-bien-etre.com\/wp-content\/uploads\/2025\/05\/politique-de-confidentialite-2-1-1024x683.webp\" style=\"object-position:54% 65%\" data-object-fit=\"cover\" data-object-position=\"54% 65%\" srcset=\"https:\/\/ilaaura-bien-etre.com\/wp-content\/uploads\/2025\/05\/politique-de-confidentialite-2-1-1024x683.webp 1024w, https:\/\/ilaaura-bien-etre.com\/wp-content\/uploads\/2025\/05\/politique-de-confidentialite-2-1-300x200.webp 300w, https:\/\/ilaaura-bien-etre.com\/wp-content\/uploads\/2025\/05\/politique-de-confidentialite-2-1-768x512.webp 768w, https:\/\/ilaaura-bien-etre.com\/wp-content\/uploads\/2025\/05\/politique-de-confidentialite-2-1-1536x1024.webp 1536w, https:\/\/ilaaura-bien-etre.com\/wp-content\/uploads\/2025\/05\/politique-de-confidentialite-2-1-2048x1366.webp 2048w\" sizes=\"auto, (max-width: 1024px) 100vw, 1024px\" \/><span aria-hidden=\"true\" class=\"wp-block-cover__background has-background-dim-60 has-background-dim\" style=\"background-color:#000000\"><\/span><div class=\"wp-block-cover__inner-container is-layout-constrained wp-block-cover-is-layout-constrained\">\n<h2 class=\"wp-block-heading has-text-color has-link-color wp-elements-341e9c0a2fc35e2cfc1957007ab6ed3f\" style=\"color:#c7dad4\">Mention l\u00e9gales<\/h2>\n<\/div><\/div>\n\n\n\n<div style=\"height:100px\" aria-hidden=\"true\" class=\"wp-block-spacer\"><\/div>\n\n\n\n<h3 class=\"wp-block-heading has-ast-global-color-0-color has-text-color has-link-color wp-elements-7b11ef471661fe7599081c1b1bfcf0b2\">\u00c9diteur du site<\/h3>\n\n\n\n<p class=\"has-ast-global-color-8-color has-text-color has-link-color wp-elements-5db9ea8c75a88b3462a0cae0e15c7c72\"><strong>Le site<\/strong> <a class=\"\" href=\"https:\/\/ilaaura-bien-etre.com\">https:\/\/ilaaura-bien-etre.com<\/a> <strong>est \u00e9dit\u00e9 par<\/strong> : ILA&#8217;AURA Massages bien-\u00eatre.<br><strong>Adresse<\/strong> : Impasse la mouline 31150 Brugui\u00e8res<br><strong>T\u00e9l\u00e9phone<\/strong> : 06.59.24.56.61<br><strong>E-mail<\/strong> : <a class=\"\">ilaaura.massagesbienetre@gmail.com<\/a><br><strong>SIRET<\/strong> : 94509566900012<br><strong>Responsable de publication<\/strong> : Marie-Pierre Grassaud<\/p>\n\n\n\n<hr class=\"wp-block-separator has-alpha-channel-opacity is-style-wide\"\/>\n\n\n\n<h3 class=\"wp-block-heading has-ast-global-color-0-color has-text-color has-link-color wp-elements-78d13f0a2f22cdc912aea27548958482\">H\u00e9bergement<\/h3>\n\n\n\n<p class=\"has-ast-global-color-8-color has-text-color has-link-color wp-elements-b6bce66771a2ed99770dfe6d5067dd72\">Le site est h\u00e9berg\u00e9 par :<br><strong>OVH<\/strong> SAS<br>Site : <a class=\"\" href=\"https:\/\/www.ovh.com\">www.ovh.com<\/a><\/p>\n\n\n\n<hr class=\"wp-block-separator has-alpha-channel-opacity is-style-wide\"\/>\n\n\n\n<h3 class=\"wp-block-heading\">Propri\u00e9t\u00e9 intellectuelle<\/h3>\n\n\n\n<p class=\"has-ast-global-color-8-color has-text-color has-link-color wp-elements-8dc1a2e6183e471143baaf68d264ac37\">L\u2019ensemble du contenu du site (textes, images, graphismes, logo, etc.) est la propri\u00e9t\u00e9 exclusive de <strong>Ilaaura \u2013 Bien-\u00eatre<\/strong>, sauf mention contraire.<br>Toute reproduction, repr\u00e9sentation, diffusion ou utilisation, en tout ou partie, sans autorisation expresse est interdite.<\/p>\n\n\n\n<hr class=\"wp-block-separator has-alpha-channel-opacity is-style-wide\"\/>\n\n\n\n<h3 class=\"wp-block-heading\">Donn\u00e9es personnelles<\/h3>\n\n\n\n<p class=\"has-ast-global-color-8-color has-text-color has-link-color wp-elements-0552f78cf1eb462f4aa5957e97599cf5\">Les donn\u00e9es collect\u00e9es via les formulaires sont trait\u00e9es conform\u00e9ment \u00e0 notre <a href=\"https:\/\/ilaaura-bien-etre.com\/index.php\/politique-de-confidentialite-2\/\" data-type=\"page\" data-id=\"8\">Politique de confidentialit\u00e9<\/a>.<\/p>\n\n\n\n<hr class=\"wp-block-separator has-alpha-channel-opacity is-style-wide\"\/>\n\n\n\n<h3 class=\"wp-block-heading\">Cr\u00e9dits<\/h3>\n\n\n\n<p class=\"has-ast-global-color-8-color has-text-color has-link-color wp-elements-24e78b69e80cb71e8199539e3b88af49\">Site r\u00e9alis\u00e9 avec WordPress.<br>Th\u00e8me : Astra.<br>Cr\u00e9dits image : banques d\u2019images libres de droit, images personnelles ou sur licence.<\/p>\n\n\n\n<div style=\"height:100px\" aria-hidden=\"true\" class=\"wp-block-spacer\"><\/div>\n","protected":false},"excerpt":{"rendered":"<p>\u00c9diteur du site Le site https:\/\/ilaaura-bien-etre.com est \u00e9dit\u00e9 par : ILA&#8217;AURA Massages bien-\u00eatre.Adresse : Impasse la mouline 31150 Brugui\u00e8resT\u00e9l\u00e9phone : [&hellip;]<\/p>\n","protected":false},"author":1,"featured_media":0,"parent":0,"menu_order":0,"comment_status":"closed","ping_status":"closed","template":"","meta":{"_seopress_robots_primary_cat":"","_seopress_titles_title":"","_seopress_titles_desc":"","_seopress_robots_index":"","site-sidebar-layout":"default","site-content-layout":"","ast-site-content-layout":"","site-content-style":"default","site-sidebar-style":"default","ast-global-header-display":"","ast-banner-title-visibility":"","ast-main-header-display":"","ast-hfb-above-header-display":"","ast-hfb-below-header-display":"","ast-hfb-mobile-header-display":"","site-post-title":"disabled","ast-breadcrumbs-content":"","ast-featured-img":"","footer-sml-layout":"","theme-transparent-header-meta":"","adv-header-id-meta":"","stick-header-meta":"","header-above-stick-meta":"","header-main-stick-meta":"","header-below-stick-meta":"","astra-migrate-meta-layouts":"default","ast-page-background-enabled":"default","ast-page-background-meta":{"desktop":{"background-color":"var(--ast-global-color-5)","background-image":"","background-repeat":"repeat","background-position":"center center","background-size":"auto","background-attachment":"scroll","background-type":"","background-media":"","overlay-type":"","overlay-color":"","overlay-opacity":"","overlay-gradient":""},"tablet":{"background-color":"","background-image":"","background-repeat":"repeat","background-position":"center center","background-size":"auto","background-attachment":"scroll","background-type":"","background-media":"","overlay-type":"","overlay-color":"","overlay-opacity":"","overlay-gradient":""},"mobile":{"background-color":"","background-image":"","background-repeat":"repeat","background-position":"center center","background-size":"auto","background-attachment":"scroll","background-type":"","background-media":"","overlay-type":"","overlay-color":"","overlay-opacity":"","overlay-gradient":""}},"ast-content-background-meta":{"desktop":{"background-color":"var(--ast-global-color-4)","background-image":"","background-repeat":"repeat","background-position":"center center","background-size":"auto","background-attachment":"scroll","background-type":"","background-media":"","overlay-type":"","overlay-color":"","overlay-opacity":"","overlay-gradient":""},"tablet":{"background-color":"var(--ast-global-color-4)","background-image":"","background-repeat":"repeat","background-position":"center center","background-size":"auto","background-attachment":"scroll","background-type":"","background-media":"","overlay-type":"","overlay-color":"","overlay-opacity":"","overlay-gradient":""},"mobile":{"background-color":"var(--ast-global-color-4)","background-image":"","background-repeat":"repeat","background-position":"center center","background-size":"auto","background-attachment":"scroll","background-type":"","background-media":"","overlay-type":"","overlay-color":"","overlay-opacity":"","overlay-gradient":""}},"_glsr_average":0,"_glsr_ranking":0,"_glsr_reviews":0,"footnotes":""},"class_list":["post-237","page","type-page","status-publish","hentry"],"_links":{"self":[{"href":"https:\/\/ilaaura-bien-etre.com\/index.php\/wp-json\/wp\/v2\/pages\/237","targetHints":{"allow":["GET"]}}],"collection":[{"href":"https:\/\/ilaaura-bien-etre.com\/index.php\/wp-json\/wp\/v2\/pages"}],"about":[{"href":"https:\/\/ilaaura-bien-etre.com\/index.php\/wp-json\/wp\/v2\/types\/page"}],"author":[{"embeddable":true,"href":"https:\/\/ilaaura-bien-etre.com\/index.php\/wp-json\/wp\/v2\/users\/1"}],"replies":[{"embeddable":true,"href":"https:\/\/ilaaura-bien-etre.com\/index.php\/wp-json\/wp\/v2\/comments?post=237"}],"version-history":[{"count":14,"href":"https:\/\/ilaaura-bien-etre.com\/index.php\/wp-json\/wp\/v2\/pages\/237\/revisions"}],"predecessor-version":[{"id":1205,"href":"https:\/\/ilaaura-bien-etre.com\/index.php\/wp-json\/wp\/v2\/pages\/237\/revisions\/1205"}],"wp:attachment":[{"href":"https:\/\/ilaaura-bien-etre.com\/index.php\/wp-json\/wp\/v2\/media?parent=237"}],"curies":[{"name":"wp","href":"https:\/\/api.w.org\/{rel}","templated":true}]}}