{"id":3,"date":"2025-04-27T17:18:25","date_gmt":"2025-04-27T15:18:25","guid":{"rendered":"http:\/\/ilaaura-bien-etre.com\/?page_id=3"},"modified":"2026-02-12T19:01:07","modified_gmt":"2026-02-12T18:01:07","slug":"politique-de-confidentialite","status":"publish","type":"page","link":"https:\/\/ilaaura-bien-etre.com\/index.php\/politique-de-confidentialite\/","title":{"rendered":"Politique de confidentialit\u00e9"},"content":{"rendered":"\n<div class=\"wp-block-cover alignfull\" style=\"min-height:50vh;aspect-ratio:unset;\"><img alt=\"\" loading=\"lazy\" decoding=\"async\" width=\"1024\" height=\"683\" class=\"wp-block-cover__image-background wp-image-230 size-large\" alt=\"\" src=\"https:\/\/ilaaura-bien-etre.com\/wp-content\/uploads\/2025\/05\/politique-de-confidentialite-2-1024x683.webp\" style=\"object-position:49% 65%\" data-object-fit=\"cover\" data-object-position=\"49% 65%\" srcset=\"https:\/\/ilaaura-bien-etre.com\/wp-content\/uploads\/2025\/05\/politique-de-confidentialite-2-1024x683.webp 1024w, https:\/\/ilaaura-bien-etre.com\/wp-content\/uploads\/2025\/05\/politique-de-confidentialite-2-300x200.webp 300w, https:\/\/ilaaura-bien-etre.com\/wp-content\/uploads\/2025\/05\/politique-de-confidentialite-2-768x512.webp 768w, https:\/\/ilaaura-bien-etre.com\/wp-content\/uploads\/2025\/05\/politique-de-confidentialite-2-1536x1024.webp 1536w, https:\/\/ilaaura-bien-etre.com\/wp-content\/uploads\/2025\/05\/politique-de-confidentialite-2-2048x1366.webp 2048w\" sizes=\"auto, (max-width: 1024px) 100vw, 1024px\" \/><span aria-hidden=\"true\" class=\"wp-block-cover__background has-ast-global-color-8-background-color has-background-dim-60 has-background-dim\"><\/span><div class=\"wp-block-cover__inner-container is-layout-constrained wp-block-cover-is-layout-constrained\">\n<h2 class=\"wp-block-heading has-text-align-left has-text-color has-link-color wp-elements-8179e701c152658a1e2520416ffb1aa3\" style=\"color:#c7dad4\"><strong> \ud83c\udf3f<\/strong>Politique de confidentialit\u00e9<\/h2>\n<\/div><\/div>\n\n\n\n<div style=\"height:100px\" aria-hidden=\"true\" class=\"wp-block-spacer\"><\/div>\n\n\n\n<h3 class=\"wp-block-heading\">Qui sommes-nous&nbsp;?<\/h3>\n\n\n\n<p class=\"has-ast-global-color-8-color has-text-color has-link-color wp-elements-54b842abe4e53fcbdc1ddd4c7fb49b2a\">L\u2019adresse de notre site est&nbsp;: https:\/\/ilaaura-bien-etre.com.<\/p>\n\n\n\n<h3 class=\"wp-block-heading\">Collecte des donn\u00e9es personnelles<\/h3>\n\n\n\n<p class=\"has-ast-global-color-8-color has-text-color has-link-color wp-elements-794a6efccdaa302d9043a8a18f28cc68\">Lorsque vous remplissez le <strong>formulaire de contact<\/strong>, nous collectons les informations suivantes :<\/p>\n\n\n\n<ul class=\"wp-block-list has-ast-global-color-8-color has-text-color has-link-color wp-elements-3cdcbb0f486b03d9825424010f6b7bf8\">\n<li>Votre <strong>nom<\/strong><\/li>\n\n\n\n<li>Votre <strong>adresse e-mail<\/strong><\/li>\n\n\n\n<li>Votre <strong>num\u00e9ro de t\u00e9l\u00e9phone<\/strong> (facultatif)<\/li>\n\n\n\n<li>Le <strong>contenu de votre message<\/strong><\/li>\n<\/ul>\n\n\n\n<p class=\"has-ast-global-color-8-color has-text-color has-link-color wp-elements-90ed91fe800b601c81e996bee5c3fce3\">Ces informations sont utilis\u00e9es uniquement dans le but de <strong>r\u00e9pondre \u00e0 votre demande<\/strong> ou de <strong>prendre contact avec vous<\/strong>.<\/p>\n\n\n\n<h3 class=\"wp-block-heading\">Utilisation des cookies<\/h3>\n\n\n\n<p class=\"has-ast-global-color-8-color has-text-color has-link-color wp-elements-02c42bcd23ad8a466b36d36db6856b3c\">Notre site peut utiliser des cookies afin d\u2019am\u00e9liorer votre exp\u00e9rience de navigation (cookies de session, pr\u00e9f\u00e9rences). Ces cookies ne collectent <strong>aucune donn\u00e9e sensible<\/strong>.<\/p>\n\n\n\n<p class=\"has-ast-global-color-8-color has-text-color has-link-color wp-elements-64675589d1209cde54cf65728133ae06\">Vous pouvez param\u00e9trer votre navigateur pour refuser les cookies ou \u00eatre averti lorsqu\u2019un cookie est install\u00e9.<\/p>\n\n\n\n<h3 class=\"wp-block-heading\">Contenus embarqu\u00e9s depuis d&#8217;autres sites<\/h3>\n\n\n\n<p class=\"has-ast-global-color-8-color has-text-color has-link-color wp-elements-7ed2c3132a2a58851a456b2762a22577\">Certaines pages peuvent int\u00e9grer des contenus externes (Google Maps, YouTube\u2026). Ces contenus se comportent comme si vous visitiez directement ces sites tiers, qui peuvent collecter des donn\u00e9es via des cookies ou syst\u00e8mes de suivi.<\/p>\n\n\n\n<h3 class=\"wp-block-heading\">Dur\u00e9e de conservation des donn\u00e9es<\/h3>\n\n\n\n<p class=\"has-ast-global-color-8-color has-text-color has-link-color wp-elements-743903686251998d22ffe28733843e95\">Les donn\u00e9es issues des formulaires de contact sont conserv\u00e9es pendant <strong>12 mois maximum<\/strong>, sauf obligation l\u00e9gale ou demande contraire de votre part.<\/p>\n\n\n\n<h3 class=\"wp-block-heading\">Vos droits<\/h3>\n\n\n\n<p class=\"has-ast-global-color-8-color has-text-color has-link-color wp-elements-3bb5c6f1c9445ada35f058151d688989\">Conform\u00e9ment au RGPD, vous pouvez :<\/p>\n\n\n\n<ul class=\"wp-block-list has-ast-global-color-8-color has-text-color has-link-color wp-elements-5c317c0da573efac5b848d4f8e30700a\">\n<li>Acc\u00e9der \u00e0 vos donn\u00e9es personnelles<\/li>\n\n\n\n<li>Demander leur rectification ou leur suppression<\/li>\n\n\n\n<li>Vous opposer \u00e0 leur traitement<\/li>\n<\/ul>\n\n\n\n<p class=\"has-ast-global-color-8-color has-text-color has-link-color wp-elements-8c35cd4b4c464141727ce0cdb6e6a329\">Pour exercer vos droits, contactez-nous \u00e0 l\u2019adresse suivante :<br><strong><a class=\"\">ilaaura.massagesbienetre@gmail.com<\/a><\/strong><br>ou via le <a href=\"https:\/\/ilaaura-bien-etre.com\/index.php\/contact\/\" data-type=\"page\" data-id=\"132\">formulaire de contact du site<\/a>.<\/p>\n\n\n\n<h3 class=\"wp-block-heading\">S\u00e9curit\u00e9<\/h3>\n\n\n\n<p class=\"has-ast-global-color-8-color has-text-color has-link-color wp-elements-c6e4918cbcb06ba85011c239ecfc6f9c\">Vos donn\u00e9es sont stock\u00e9es chez notre h\u00e9bergeur <strong>OVH<\/strong> en France, dans un environnement s\u00e9curis\u00e9. Aucune information n\u2019est transmise \u00e0 des tiers sans votre consentement.<\/p>\n\n\n\n<h3 class=\"wp-block-heading\">Responsable du traitement<\/h3>\n\n\n\n<p class=\"has-ast-global-color-8-color has-text-color has-link-color wp-elements-0a9aeb560d0fece207d6547d96c695bb\">Ilaaura \u2013 Bien-\u00eatre<\/p>\n\n\n\n<p class=\"has-ast-global-color-8-color has-text-color has-link-color wp-elements-3540647e804d0f9839e0121b33f3433e\"><strong><a class=\"\">ilaaura.massagesbienetre@gmail.com<\/a><\/strong><\/p>\n\n\n\n<div style=\"height:100px\" aria-hidden=\"true\" class=\"wp-block-spacer\"><\/div>\n","protected":false},"excerpt":{"rendered":"<p>Qui sommes-nous&nbsp;? L\u2019adresse de notre site est&nbsp;: https:\/\/ilaaura-bien-etre.com. Collecte des donn\u00e9es personnelles Lorsque vous remplissez le formulaire de contact, nous [&hellip;]<\/p>\n","protected":false},"author":1,"featured_media":0,"parent":0,"menu_order":0,"comment_status":"closed","ping_status":"closed","template":"","meta":{"_seopress_robots_primary_cat":"","_seopress_titles_title":"","_seopress_titles_desc":"","_seopress_robots_index":"yes","site-sidebar-layout":"default","site-content-layout":"","ast-site-content-layout":"","site-content-style":"default","site-sidebar-style":"default","ast-global-header-display":"","ast-banner-title-visibility":"","ast-main-header-display":"","ast-hfb-above-header-display":"","ast-hfb-below-header-display":"","ast-hfb-mobile-header-display":"","site-post-title":"disabled","ast-breadcrumbs-content":"","ast-featured-img":"","footer-sml-layout":"","theme-transparent-header-meta":"","adv-header-id-meta":"","stick-header-meta":"","header-above-stick-meta":"","header-main-stick-meta":"","header-below-stick-meta":"","astra-migrate-meta-layouts":"default","ast-page-background-enabled":"default","ast-page-background-meta":{"desktop":{"background-color":"var(--ast-global-color-5)","background-image":"","background-repeat":"repeat","background-position":"center center","background-size":"auto","background-attachment":"scroll","background-type":"","background-media":"","overlay-type":"","overlay-color":"","overlay-opacity":"","overlay-gradient":""},"tablet":{"background-color":"","background-image":"","background-repeat":"repeat","background-position":"center center","background-size":"auto","background-attachment":"scroll","background-type":"","background-media":"","overlay-type":"","overlay-color":"","overlay-opacity":"","overlay-gradient":""},"mobile":{"background-color":"","background-image":"","background-repeat":"repeat","background-position":"center center","background-size":"auto","background-attachment":"scroll","background-type":"","background-media":"","overlay-type":"","overlay-color":"","overlay-opacity":"","overlay-gradient":""}},"ast-content-background-meta":{"desktop":{"background-color":"var(--ast-global-color-4)","background-image":"","background-repeat":"repeat","background-position":"center center","background-size":"auto","background-attachment":"scroll","background-type":"","background-media":"","overlay-type":"","overlay-color":"","overlay-opacity":"","overlay-gradient":""},"tablet":{"background-color":"var(--ast-global-color-4)","background-image":"","background-repeat":"repeat","background-position":"center center","background-size":"auto","background-attachment":"scroll","background-type":"","background-media":"","overlay-type":"","overlay-color":"","overlay-opacity":"","overlay-gradient":""},"mobile":{"background-color":"var(--ast-global-color-4)","background-image":"","background-repeat":"repeat","background-position":"center center","background-size":"auto","background-attachment":"scroll","background-type":"","background-media":"","overlay-type":"","overlay-color":"","overlay-opacity":"","overlay-gradient":""}},"_glsr_average":0,"_glsr_ranking":0,"_glsr_reviews":0,"footnotes":""},"class_list":["post-3","page","type-page","status-publish","hentry"],"_links":{"self":[{"href":"https:\/\/ilaaura-bien-etre.com\/index.php\/wp-json\/wp\/v2\/pages\/3","targetHints":{"allow":["GET"]}}],"collection":[{"href":"https:\/\/ilaaura-bien-etre.com\/index.php\/wp-json\/wp\/v2\/pages"}],"about":[{"href":"https:\/\/ilaaura-bien-etre.com\/index.php\/wp-json\/wp\/v2\/types\/page"}],"author":[{"embeddable":true,"href":"https:\/\/ilaaura-bien-etre.com\/index.php\/wp-json\/wp\/v2\/users\/1"}],"replies":[{"embeddable":true,"href":"https:\/\/ilaaura-bien-etre.com\/index.php\/wp-json\/wp\/v2\/comments?post=3"}],"version-history":[{"count":22,"href":"https:\/\/ilaaura-bien-etre.com\/index.php\/wp-json\/wp\/v2\/pages\/3\/revisions"}],"predecessor-version":[{"id":565,"href":"https:\/\/ilaaura-bien-etre.com\/index.php\/wp-json\/wp\/v2\/pages\/3\/revisions\/565"}],"wp:attachment":[{"href":"https:\/\/ilaaura-bien-etre.com\/index.php\/wp-json\/wp\/v2\/media?parent=3"}],"curies":[{"name":"wp","href":"https:\/\/api.w.org\/{rel}","templated":true}]}}