{"id":448,"date":"2025-05-15T20:43:37","date_gmt":"2025-05-15T18:43:37","guid":{"rendered":"https:\/\/ilaaura-bien-etre.com\/?page_id=448"},"modified":"2025-07-06T16:30:18","modified_gmt":"2025-07-06T14:30:18","slug":"a-propos","status":"publish","type":"page","link":"https:\/\/ilaaura-bien-etre.com\/index.php\/a-propos\/","title":{"rendered":"\u00c0 propos"},"content":{"rendered":"\n<div class=\"wp-block-cover alignfull\" style=\"min-height:50vh;aspect-ratio:unset;\"><img alt=\"\" loading=\"lazy\" decoding=\"async\" width=\"1536\" height=\"973\" class=\"wp-block-cover__image-background wp-image-499 size-full\" alt=\"\" src=\"https:\/\/ilaaura-bien-etre.com\/wp-content\/uploads\/2025\/05\/A-propos.webp\" data-object-fit=\"cover\" srcset=\"https:\/\/ilaaura-bien-etre.com\/wp-content\/uploads\/2025\/05\/A-propos.webp 1536w, https:\/\/ilaaura-bien-etre.com\/wp-content\/uploads\/2025\/05\/A-propos-300x190.webp 300w, https:\/\/ilaaura-bien-etre.com\/wp-content\/uploads\/2025\/05\/A-propos-1024x649.webp 1024w, https:\/\/ilaaura-bien-etre.com\/wp-content\/uploads\/2025\/05\/A-propos-768x487.webp 768w\" sizes=\"auto, (max-width: 1536px) 100vw, 1536px\" \/><span aria-hidden=\"true\" class=\"wp-block-cover__background has-black-background-color has-background-dim-60 has-background-dim\"><\/span><div class=\"wp-block-cover__inner-container is-layout-constrained wp-block-cover-is-layout-constrained\">\n<h2 class=\"wp-block-heading has-text-color has-link-color wp-elements-80e307e76f491def3f2b36a2dc753fd9\" style=\"color:#c7dad4\"><strong>\ud83c\udf3f \u00c0 propos d\u2019ILA\u2019 AURA <\/strong><\/h2>\n<\/div><\/div>\n\n\n\n<div class=\"wp-block-columns are-vertically-aligned-center has-text-color is-layout-flex wp-container-core-columns-is-layout-28f84493 wp-block-columns-is-layout-flex\" style=\"color:#000000\">\n<div class=\"wp-block-column is-vertically-aligned-center is-layout-flow wp-block-column-is-layout-flow\">\n<hr class=\"wp-block-separator has-css-opacity is-style-default\"\/>\n\n\n\n<figure class=\"wp-block-image aligncenter size-full is-resized is-style-rounded\"><img alt=\"\" loading=\"lazy\" decoding=\"async\" width=\"1024\" height=\"1002\" src=\"http:\/\/ilaaura-bien-etre.com\/wp-content\/uploads\/2025\/06\/photo-Marie-pierre-a-propos-1.webp\" alt=\"\" class=\"wp-image-597\" style=\"width:150px;height:150px\" srcset=\"https:\/\/ilaaura-bien-etre.com\/wp-content\/uploads\/2025\/06\/photo-Marie-pierre-a-propos-1.webp 1024w, https:\/\/ilaaura-bien-etre.com\/wp-content\/uploads\/2025\/06\/photo-Marie-pierre-a-propos-1-300x294.webp 300w, https:\/\/ilaaura-bien-etre.com\/wp-content\/uploads\/2025\/06\/photo-Marie-pierre-a-propos-1-768x752.webp 768w\" sizes=\"auto, (max-width: 1024px) 100vw, 1024px\" \/><\/figure>\n\n\n\n<blockquote class=\"wp-block-quote has-text-align-left is-style-large is-style-default has-ast-global-color-8-color has-text-color has-link-color has-small-font-size wp-elements-4038f99c506937ddd78cdc05bdbf9033 is-layout-flow wp-block-quote-is-layout-flow\">\n<p>Bienvenue,<\/p>\n\n\n\n<p><br>Je m\u2019appelle <strong>Marie-Pierre<\/strong>, et je suis heureuse de vous pr\u00e9senter <strong>ILA\u2019 AURA<\/strong>, mon univers d\u00e9di\u00e9 au bien-\u00eatre.<\/p>\n\n\n\n<p>\u00c0 travers <strong>ILA\u2019 AURA<\/strong>, j\u2019ai souhait\u00e9 offrir une parenth\u00e8se de ressourcement, un temps pour ralentir, respirer et retrouver son propre rythme int\u00e9rieur.<br>Avec des massages empreints de bienveillance et d\u2019\u00e9coute, je vous invite \u00e0 prendre soin de votre corps, \u00e0 apaiser votre esprit et \u00e0 vous recentrer en profondeur.<\/p>\n\n\n\n<p>Chaque soin devient une rencontre, un moment suspendu pour nourrir votre bien-\u00eatre et retrouver \u00e9quilibre, d\u00e9tente et s\u00e9r\u00e9nit\u00e9.<\/p>\n\n\n\n<p>Que vous choisissiez de recevoir votre soin au <strong>cabinet<\/strong> ou \u00e0 <strong>domicile<\/strong>, je vous propose une exp\u00e9rience unique, enti\u00e8rement accord\u00e9e \u00e0 votre rythme et \u00e0 vos besoins.<\/p>\n\n\n\n<p>Prendre soin de soi, c\u2019est d\u00e9j\u00e0 commencer \u00e0 se retrouver\u2026 et c\u2019est avec beaucoup de douceur que je vous accompagnerai sur ce chemin.<\/p>\n<\/blockquote>\n\n\n\n<hr class=\"wp-block-separator has-css-opacity is-style-default\"\/>\n<\/div>\n<\/div>\n\n\n\n<p><\/p>\n","protected":false},"excerpt":{"rendered":"<p>Bienvenue, Je m\u2019appelle Marie-Pierre, et je suis heureuse de vous pr\u00e9senter ILA\u2019 AURA, mon univers d\u00e9di\u00e9 au bien-\u00eatre. \u00c0 travers [&hellip;]<\/p>\n","protected":false},"author":1,"featured_media":0,"parent":0,"menu_order":0,"comment_status":"closed","ping_status":"closed","template":"","meta":{"_seopress_robots_primary_cat":"","_seopress_titles_title":"\u00c0 propos \u2013 Massage bien\u2011\u00eatre naturel \u00e0 Toulouse | Ilaaura Bien\u2011\u00catre","_seopress_titles_desc":"D\u00e9couvrez Ilaaura Bien\u2011\u00catre \u00e0 Toulouse : praticienne en massage bien\u2011\u00eatre, soins relaxants naturels et huiles bio. Contactez-moi pour une s\u00e9ance personnalis\u00e9e.","_seopress_robots_index":"","site-sidebar-layout":"default","site-content-layout":"","ast-site-content-layout":"","site-content-style":"default","site-sidebar-style":"default","ast-global-header-display":"","ast-banner-title-visibility":"","ast-main-header-display":"","ast-hfb-above-header-display":"","ast-hfb-below-header-display":"","ast-hfb-mobile-header-display":"","site-post-title":"disabled","ast-breadcrumbs-content":"","ast-featured-img":"","footer-sml-layout":"","theme-transparent-header-meta":"","adv-header-id-meta":"","stick-header-meta":"","header-above-stick-meta":"","header-main-stick-meta":"","header-below-stick-meta":"","astra-migrate-meta-layouts":"default","ast-page-background-enabled":"default","ast-page-background-meta":{"desktop":{"background-color":"var(--ast-global-color-5)","background-image":"","background-repeat":"repeat","background-position":"center center","background-size":"auto","background-attachment":"scroll","background-type":"","background-media":"","overlay-type":"","overlay-color":"","overlay-opacity":"","overlay-gradient":""},"tablet":{"background-color":"","background-image":"","background-repeat":"repeat","background-position":"center center","background-size":"auto","background-attachment":"scroll","background-type":"","background-media":"","overlay-type":"","overlay-color":"","overlay-opacity":"","overlay-gradient":""},"mobile":{"background-color":"","background-image":"","background-repeat":"repeat","background-position":"center center","background-size":"auto","background-attachment":"scroll","background-type":"","background-media":"","overlay-type":"","overlay-color":"","overlay-opacity":"","overlay-gradient":""}},"ast-content-background-meta":{"desktop":{"background-color":"var(--ast-global-color-4)","background-image":"","background-repeat":"repeat","background-position":"center center","background-size":"auto","background-attachment":"scroll","background-type":"","background-media":"","overlay-type":"","overlay-color":"","overlay-opacity":"","overlay-gradient":""},"tablet":{"background-color":"var(--ast-global-color-4)","background-image":"","background-repeat":"repeat","background-position":"center center","background-size":"auto","background-attachment":"scroll","background-type":"","background-media":"","overlay-type":"","overlay-color":"","overlay-opacity":"","overlay-gradient":""},"mobile":{"background-color":"var(--ast-global-color-4)","background-image":"","background-repeat":"repeat","background-position":"center center","background-size":"auto","background-attachment":"scroll","background-type":"","background-media":"","overlay-type":"","overlay-color":"","overlay-opacity":"","overlay-gradient":""}},"_glsr_average":0,"_glsr_ranking":0,"_glsr_reviews":0,"footnotes":""},"class_list":["post-448","page","type-page","status-publish","hentry"],"_links":{"self":[{"href":"https:\/\/ilaaura-bien-etre.com\/index.php\/wp-json\/wp\/v2\/pages\/448","targetHints":{"allow":["GET"]}}],"collection":[{"href":"https:\/\/ilaaura-bien-etre.com\/index.php\/wp-json\/wp\/v2\/pages"}],"about":[{"href":"https:\/\/ilaaura-bien-etre.com\/index.php\/wp-json\/wp\/v2\/types\/page"}],"author":[{"embeddable":true,"href":"https:\/\/ilaaura-bien-etre.com\/index.php\/wp-json\/wp\/v2\/users\/1"}],"replies":[{"embeddable":true,"href":"https:\/\/ilaaura-bien-etre.com\/index.php\/wp-json\/wp\/v2\/comments?post=448"}],"version-history":[{"count":16,"href":"https:\/\/ilaaura-bien-etre.com\/index.php\/wp-json\/wp\/v2\/pages\/448\/revisions"}],"predecessor-version":[{"id":834,"href":"https:\/\/ilaaura-bien-etre.com\/index.php\/wp-json\/wp\/v2\/pages\/448\/revisions\/834"}],"wp:attachment":[{"href":"https:\/\/ilaaura-bien-etre.com\/index.php\/wp-json\/wp\/v2\/media?parent=448"}],"curies":[{"name":"wp","href":"https:\/\/api.w.org\/{rel}","templated":true}]}}